{"id":34390,"date":"2023-11-06T17:02:42","date_gmt":"2023-11-06T20:02:42","guid":{"rendered":"http:\/\/midiasinovadoras.com.br\/ia\/?page_id=34390"},"modified":"2023-11-06T17:03:38","modified_gmt":"2023-11-06T20:03:38","slug":"orcamento-projeto-especial","status":"publish","type":"page","link":"https:\/\/midiasinovadoras.com.br\/ia\/orcamento-projeto-especial\/","title":{"rendered":"Or\u00e7amento Projeto Especial"},"content":{"rendered":"\t\t<div data-elementor-type=\"wp-page\" data-elementor-id=\"34390\" class=\"elementor elementor-34390\" data-elementor-post-type=\"page\">\n\t\t\t\t\t\t<section class=\"elementor-section elementor-top-section elementor-element elementor-element-d8be963 elementor-section-boxed elementor-section-height-default elementor-section-height-default\" data-id=\"d8be963\" data-element_type=\"section\" data-e-type=\"section\" data-settings=\"{&quot;jet_parallax_layout_list&quot;:[]}\">\n\t\t\t\t\t\t<div class=\"elementor-container elementor-column-gap-default\">\n\t\t\t\t\t<div class=\"elementor-column elementor-col-100 elementor-top-column elementor-element elementor-element-38df3c7\" data-id=\"38df3c7\" data-element_type=\"column\" data-e-type=\"column\">\n\t\t\t<div class=\"elementor-widget-wrap elementor-element-populated\">\n\t\t\t\t\t\t<div class=\"elementor-element elementor-element-eb6ac61 elementor-widget elementor-widget-heading\" data-id=\"eb6ac61\" data-element_type=\"widget\" data-e-type=\"widget\" data-widget_type=\"heading.default\">\n\t\t\t\t<div class=\"elementor-widget-container\">\n\t\t\t\t\t<h2 class=\"elementor-heading-title elementor-size-default\">Or\u00e7amento projeto especial<\/h2>\t\t\t\t<\/div>\n\t\t\t\t<\/div>\n\t\t\t\t<div class=\"elementor-element elementor-element-027949a elementor-widget elementor-widget-text-editor\" data-id=\"027949a\" data-element_type=\"widget\" data-e-type=\"widget\" data-widget_type=\"text-editor.default\">\n\t\t\t\t<div class=\"elementor-widget-container\">\n\t\t\t\t\t\t\t\t\t<p>Todos os campos s\u00e3o obrigat\u00f3rios<\/p>\t\t\t\t\t\t\t\t<\/div>\n\t\t\t\t<\/div>\n\t\t\t\t\t<\/div>\n\t\t<\/div>\n\t\t\t\t\t<\/div>\n\t\t<\/section>\n\t\t\t\t<section class=\"elementor-section elementor-top-section elementor-element elementor-element-e5361c4 elementor-section-boxed elementor-section-height-default elementor-section-height-default\" data-id=\"e5361c4\" data-element_type=\"section\" data-e-type=\"section\" data-settings=\"{&quot;jet_parallax_layout_list&quot;:[]}\">\n\t\t\t\t\t\t<div class=\"elementor-container elementor-column-gap-default\">\n\t\t\t\t\t<div class=\"elementor-column elementor-col-100 elementor-top-column elementor-element elementor-element-335fbe0\" data-id=\"335fbe0\" data-element_type=\"column\" data-e-type=\"column\">\n\t\t\t<div class=\"elementor-widget-wrap elementor-element-populated\">\n\t\t\t\t\t\t<div class=\"elementor-element elementor-element-9732f68 elementor-widget elementor-widget-jet-form-builder-form\" data-id=\"9732f68\" data-element_type=\"widget\" data-e-type=\"widget\" data-widget_type=\"jet-form-builder-form.default\">\n\t\t\t\t<div class=\"elementor-widget-container\">\n\t\t\t\t\t<link rel='stylesheet' id='wp-block-library-css' href='https:\/\/midiasinovadoras.com.br\/ia\/wp-includes\/css\/dist\/block-library\/style.min.css?ver=6.9.4' media='all' \/>\n<style id=\"jet-form-builder-34271-inline-css\"><\/style><form  class=\"jet-form-builder layout-column submit-type-reload\" action=\"https:\/\/midiasinovadoras.com.br\/ia\/wp-json\/wp\/v2\/pages\/34390\/?lmKIAq=KH2Dlba7SB&amp;method=reload\" method=\"POST\" data-form-id=\"34271\" data-layout=\"column\" enctype=\"multipart\/form-data\" novalidate=\"null\" ssr_validation_method=\"rest\">\r\n<input type=\"hidden\" name=\"_jfb_current_render_states[]\" value=\"DEFAULT.STATE\" data-jfb-sync \/><input type=\"hidden\" class=\"jet-form-builder__field hidden-field\" name=\"_jet_engine_booking_form_id\" data-field-name=\"_jet_engine_booking_form_id\" value=\"34271\">\n<input type=\"hidden\" class=\"jet-form-builder__field hidden-field\" name=\"_jet_engine_refer\" data-field-name=\"_jet_engine_refer\" value=\"https:\/\/midiasinovadoras.com.br\/ia\/wp-json\/wp\/v2\/pages\/34390\/\">\n<input type=\"hidden\" class=\"jet-form-builder__field hidden-field\" name=\"__queried_post_id\" data-field-name=\"__queried_post_id\" value=\"34390\">\n\n<div class=\"wp-block-columns is-layout-flex wp-container-core-columns-is-layout-28f84493 wp-block-columns-is-layout-flex\">\n<div class=\"wp-block-column is-layout-flow wp-block-column-is-layout-flow\"><div  data-validation-type=\"inherit\" class=\"jet-form-builder-row field-type-text-field\" >\n<div class=\"jet-form-builder__label\">\r\n<div class=\"jet-form-builder__label-text\">Nome <span class=\"jet-form-builder__required\">*<\/span><\/div><\/div><div class=\"jet-form-builder__field-wrap\">\n\t\t\t\t<input placeholder=\"Nome\" required=\"required\" name=\"nome\" id=\"nome\" type=\"text\" data-field-name=\"nome\" class=\"jet-form-builder__field text-field\" data-jfb-sync=\"null\" autocomplete=\"off_PYTJQHma\">\n\t\t\t\t\t<\/div>\n<\/div>\n\n<div  data-validation-type=\"inherit\" class=\"jet-form-builder-row field-type-text-field\" >\n<div class=\"jet-form-builder__label\">\r\n<div class=\"jet-form-builder__label-text\">Email <span class=\"jet-form-builder__required\">*<\/span><\/div><\/div><div class=\"jet-form-builder__field-wrap\">\n\t\t\t\t<input placeholder=\"Email\" required=\"required\" name=\"email\" id=\"email\" type=\"email\" data-field-name=\"email\" class=\"jet-form-builder__field text-field\" data-jfb-sync=\"null\" autocomplete=\"off_S4kxsQl1\">\n\t\t\t\t\t<\/div>\n<\/div>\n\n<div  data-validation-type=\"inherit\" class=\"jet-form-builder-row field-type-text-field\" >\n<div class=\"jet-form-builder__label\">\r\n<div class=\"jet-form-builder__label-text\">Whatsapp <span class=\"jet-form-builder__required\">*<\/span><\/div><\/div><div class=\"jet-form-builder__field-wrap\">\n\t\t\t\t<input placeholder=\"(DD) 00000-0000\" required=\"required\" name=\"whatsapp\" id=\"whatsapp\" type=\"text\" data-field-name=\"whatsapp\" class=\"jet-form-builder__field text-field jet-form-builder__masked-field\" data-jfb-sync=\"null\" autocomplete=\"off_YdHGDTU6\" data-inputmask=\"&#039;mask&#039;: &#039;(99) 99999-9999&#039;\" data-inputmask-placeholder=\"_\" data-inputmask-clearmaskonlostfocus=\"false\">\n\t\t\t\t\t<\/div>\n<\/div>\n\n\n<div class=\"wp-block-columns is-layout-flex wp-container-core-columns-is-layout-28f84493 wp-block-columns-is-layout-flex\">\n<div class=\"wp-block-column is-layout-flow wp-block-column-is-layout-flow\"><div  data-validation-type=\"inherit\" class=\"jet-form-builder-row field-type-text-field\" >\n<div class=\"jet-form-builder__label\">\r\n<div class=\"jet-form-builder__label-text\">Nome da ag\u00eancia\/empresa <span class=\"jet-form-builder__required\">*<\/span><\/div><\/div><div class=\"jet-form-builder__field-wrap\">\n\t\t\t\t<input placeholder=\"Nome da ag\u00eancia\/empresa\" required=\"required\" name=\"nome_da_agencia_empresa\" id=\"nome_da_agencia_empresa\" type=\"text\" data-field-name=\"nome_da_agencia_empresa\" class=\"jet-form-builder__field text-field\" data-jfb-sync=\"null\" autocomplete=\"off_lIA5gq9D\">\n\t\t\t\t\t<\/div>\n<\/div><\/div>\n\n\n\n<div class=\"wp-block-column is-layout-flow wp-block-column-is-layout-flow\"><div  data-validation-type=\"inherit\" class=\"jet-form-builder-row field-type-checkbox-field\" >\n<div class=\"jet-form-builder__label\">\r\n<div class=\"jet-form-builder__label-text\">Tipo de cliente <span class=\"jet-form-builder__required\">*<\/span><\/div><\/div><div class=\"jet-form-builder__fields-group checkradio-wrap\" data-jfb-sync><div class=\"jet-form-builder__field-wrap checkboxes-wrap checkradio-wrap\"><label class=\"jet-form-builder__field-label for-checkbox\">\n\t\t\t<input type=\"checkbox\" name=\"tipo_de_cliente[]\" value=\"Ag\u00eancia\" data-field-name=\"tipo_de_cliente\"  class=\"jet-form-builder__field checkboxes-field checkradio-field\" required=\"required\"><span>Ag\u00eancia<\/span><\/label><\/div><div class=\"jet-form-builder__field-wrap checkboxes-wrap checkradio-wrap\"><label class=\"jet-form-builder__field-label for-checkbox\">\n\t\t\t<input type=\"checkbox\" name=\"tipo_de_cliente[]\" value=\"Cliente Final\" data-field-name=\"tipo_de_cliente\"  class=\"jet-form-builder__field checkboxes-field checkradio-field\" required=\"required\"><span>Cliente Final<\/span><\/label><\/div><\/div>\n<\/div><\/div>\n<\/div>\n\n\n\n<div class=\"wp-block-columns is-layout-flex wp-container-core-columns-is-layout-28f84493 wp-block-columns-is-layout-flex\">\n<div class=\"wp-block-column is-layout-flow wp-block-column-is-layout-flow\"><div  data-validation-type=\"inherit\" class=\"jet-form-builder-row field-type-text-field\" >\n<div class=\"jet-form-builder__label\">\r\n<div class=\"jet-form-builder__label-text\">Nome do evento <span class=\"jet-form-builder__required\">*<\/span><\/div><\/div><div class=\"jet-form-builder__field-wrap\">\n\t\t\t\t<input placeholder=\"Nome do evento\" required=\"required\" name=\"nome_do_evento\" id=\"nome_do_evento\" type=\"text\" data-field-name=\"nome_do_evento\" class=\"jet-form-builder__field text-field\" data-jfb-sync=\"null\" autocomplete=\"off_pl1HqYx3\">\n\t\t\t\t\t<\/div>\n<\/div><\/div>\n\n\n\n<div class=\"wp-block-column is-layout-flow wp-block-column-is-layout-flow\"><div  data-validation-type=\"inherit\" class=\"jet-form-builder-row field-type-select-field wp-block-jet-forms-select-field\">\n<div class=\"jet-form-builder__label\">\r\n<div class=\"jet-form-builder__label-text\">Tipo de evento<\/div><\/div><div class=\"jet-form-builder__field-wrap\">\n\t<select class=\"jet-form-builder__field select-field\" name=\"tipo_de_evento\" data-field-name=\"tipo_de_evento\" id=\"tipo_de_evento\" data-jfb-sync=\"null\">\n\t\t<option value=\"Conven\u00e7\u00e3o de vendas\" >Conven\u00e7\u00e3o de vendas<\/option><option value=\"Encontro de l\u00edderes\" >Encontro de l\u00edderes<\/option><option value=\"Corporativo\" >Corporativo<\/option><option value=\"Ativa\u00e7\u00e3o\" >Ativa\u00e7\u00e3o<\/option><option value=\"Feiras e exposi\u00e7\u00f5es\" >Feiras e exposi\u00e7\u00f5es<\/option><option value=\"Festa de fim de ano \" >Festa de fim de ano <\/option><option value=\"Festival\/Show \" >Festival \/ Show <\/option><option value=\"Lan\u00e7amento de produto\" >Lan\u00e7amento de produto<\/option><option value=\"Outro\" >Outro<\/option>\t<\/select>\n<\/div>\n<\/div><\/div>\n<\/div>\n\n\n\n<div class=\"wp-block-columns is-layout-flex wp-container-core-columns-is-layout-28f84493 wp-block-columns-is-layout-flex\">\n<div class=\"wp-block-column is-layout-flow wp-block-column-is-layout-flow\"><div  data-validation-type=\"inherit\" class=\"jet-form-builder-row field-type-date-field\" >\n<div class=\"jet-form-builder__label\">\r\n<div class=\"jet-form-builder__label-text\">Data do evento <span class=\"jet-form-builder__required\">*<\/span><\/div><\/div><input class=\"jet-form-builder__field date-field\" required=\"required\" name=\"data_do_evento\" type=\"date\" data-field-name=\"data_do_evento\" id=\"data_do_evento\" data-jfb-sync=\"null\">\n<\/div><\/div>\n\n\n\n<div class=\"wp-block-column is-layout-flow wp-block-column-is-layout-flow\"><div  data-validation-type=\"inherit\" class=\"jet-form-builder-row field-type-number-field\" >\n<div class=\"jet-form-builder__label\">\r\n<div class=\"jet-form-builder__label-text\">N\u00famero de di\u00e1rias <span class=\"jet-form-builder__required\">*<\/span><\/div><\/div><div class=\"jet-form-builder__field-wrap\">\n\t\t<input type=\"number\" class=\"jet-form-builder__field text-field\" placeholder=\"N\u00famero de di\u00e1rias\" required=\"required\" name=\"numero_de_diarias\" data-field-name=\"numero_de_diarias\" id=\"numero_de_diarias\" data-jfb-sync=\"null\">\n\t<\/div>\n<\/div><\/div>\n<\/div>\n\n\n\n<div class=\"wp-block-columns is-layout-flex wp-container-core-columns-is-layout-28f84493 wp-block-columns-is-layout-flex\">\n<div class=\"wp-block-column is-layout-flow wp-block-column-is-layout-flow\"><div  data-validation-type=\"inherit\" class=\"jet-form-builder-row field-type-text-field\" >\n<div class=\"jet-form-builder__label\">\r\n<div class=\"jet-form-builder__label-text\">Cidade do evento <span class=\"jet-form-builder__required\">*<\/span><\/div><\/div><div class=\"jet-form-builder__field-wrap\">\n\t\t\t\t<input required=\"required\" name=\"cidade_do_evento\" id=\"cidade_do_evento\" type=\"text\" data-field-name=\"cidade_do_evento\" class=\"jet-form-builder__field text-field\" data-jfb-sync=\"null\" autocomplete=\"off_MXBhnSwF\">\n\t\t\t\t\t<\/div>\n<\/div><\/div>\n\n\n\n<div class=\"wp-block-column is-layout-flow wp-block-column-is-layout-flow\"><div  data-validation-type=\"inherit\" class=\"jet-form-builder-row field-type-select-field wp-block-jet-forms-select-field\">\n<div class=\"jet-form-builder__label\">\r\n<div class=\"jet-form-builder__label-text\">Estado <span class=\"jet-form-builder__required\">*<\/span><\/div><\/div><div class=\"jet-form-builder__field-wrap\">\n\t<select class=\"jet-form-builder__field select-field\" required=\"required\" name=\"estado\" data-field-name=\"estado\" id=\"estado\" data-jfb-sync=\"null\">\n\t\t<option value=\"Acre\" >Acre<\/option><option value=\"Alagoas \" >Alagoas <\/option><option value=\"Amap\u00e1\" >Amap\u00e1<\/option><option value=\"Amazonas \" >Amazonas <\/option><option value=\"Bahia \" >Bahia <\/option><option value=\"Cear\u00e1 \" >Cear\u00e1 <\/option><option value=\"Distrito Federal\" >Distrito Federal<\/option><option value=\"Esp\u00edrito Santo\" >Esp\u00edrito Santo<\/option><option value=\"Goi\u00e1s\" >Goi\u00e1s<\/option><option value=\"Maranh\u00e3o \" >Maranh\u00e3o <\/option><option value=\"Mato Grosso\" >Mato Grosso<\/option><option value=\"Mato Grosso do Sul\" >Mato Grosso do Sul<\/option><option value=\"Minas Gerais\" >Minas Gerais<\/option><option value=\"Par\u00e1\" >Par\u00e1<\/option><option value=\"Para\u00edba \" >Para\u00edba <\/option><option value=\"Paran\u00e1 \" >Paran\u00e1 <\/option><option value=\"Pernambuco \" >Pernambuco <\/option><option value=\"Piau\u00ed\" >Piau\u00ed<\/option><option value=\"Rio de Janeiro\" >Rio de Janeiro<\/option><option value=\"Rio Grande do Sul\" >Rio Grande do Sul<\/option><option value=\"Rio Grande do Norte\" >Rio Grande do Norte<\/option><option value=\"Rond\u00f4nia \" >Rond\u00f4nia <\/option><option value=\"Roraima \" >Roraima <\/option><option value=\"Santa Catarina\" >Santa Catarina<\/option><option value=\"S\u00e3o Paulo\" >S\u00e3o Paulo<\/option><option value=\"Sergipe \" >Sergipe <\/option><option value=\"Tocantins\" >Tocantins<\/option>\t<\/select>\n<\/div>\n<\/div><\/div>\n<\/div>\n\n\n<div  data-validation-type=\"inherit\" class=\"jet-form-builder-row field-type-textarea-field\" >\n<div class=\"jet-form-builder__label\">\r\n<div class=\"jet-form-builder__label-text\">Observa\u00e7\u00f5es<\/div><\/div><div class=\"jet-form-builder__field-wrap\">\n\t\t<textarea class=\"jet-form-builder__field textarea-field\" name=\"observacoes\" data-field-name=\"observacoes\" id=\"observacoes\" data-jfb-sync=\"null\"><\/textarea>\n\t<\/div>\n<\/div>\n\n\n<input type=\"hidden\" class=\"jet-form-builder__field hidden-field\" name=\"current_date\" data-field-name=\"current_date\" data-jfb-sync=\"null\" value=\"15-04-26T16:39\">\n\n<\/div>\n<\/div>\n\n\n<div  data-validation-type=\"inherit\" class=\"jet-form-builder-row field-type-submit-field\" >\n\t<div data-type=\"submit\" class=\"jet-form-builder__action-button-wrapper jet-form-builder__submit-wrap\">\n\t<button class=\"jet-form-builder__action-button copy jet-form-builder__submit submit-type-reload\" type=\"submit\">Solicitar or\u00e7amento<\/button>\n\t<\/div>\n\t\n<\/div>\t<div class=\"jet-form-builder-messages-wrap\" data-form-id=\"34271\"><\/div>\n<\/form>\n\t\t\t\t<\/div>\n\t\t\t\t<\/div>\n\t\t\t\t\t<\/div>\n\t\t<\/div>\n\t\t\t\t\t<\/div>\n\t\t<\/section>\n\t\t\t\t<\/div>\n\t\t","protected":false},"excerpt":{"rendered":"<p>Or\u00e7amento projeto especial Todos os campos s\u00e3o obrigat\u00f3rios Nome * Email * Whatsapp * Nome da ag\u00eancia\/empresa * Tipo de cliente * Ag\u00eancia Cliente Final Nome do evento * Tipo de evento Conven\u00e7\u00e3o de vendasEncontro de l\u00edderesCorporativoAtiva\u00e7\u00e3oFeiras e exposi\u00e7\u00f5esFesta de fim de ano Festival \/ Show Lan\u00e7amento de produtoOutro Data do evento * N\u00famero de [&hellip;]<\/p>\n","protected":false},"author":3,"featured_media":0,"parent":0,"menu_order":0,"comment_status":"closed","ping_status":"closed","template":"","meta":{"_acf_changed":false,"footnotes":""},"class_list":["post-34390","page","type-page","status-publish","hentry"],"acf":[],"yoast_head":"<!-- This site is optimized with the Yoast SEO Premium plugin v27.3 (Yoast SEO v27.4) - https:\/\/yoast.com\/product\/yoast-seo-premium-wordpress\/ -->\n<title>Or\u00e7amento Projeto Especial | M\u00eddias Inovadoras<\/title>\n<meta name=\"robots\" content=\"noindex, follow, max-snippet:-1, max-image-preview:large, max-video-preview:-1\" \/>\n<meta property=\"og:locale\" content=\"pt_BR\" \/>\n<meta property=\"og:type\" content=\"article\" \/>\n<meta property=\"og:title\" content=\"Or\u00e7amento Projeto Especial - M\u00eddias Inovadoras\" \/>\n<meta property=\"og:description\" content=\"Na M\u00eddias Inovadoras voc\u00ea encontra experi\u00eancias, inova\u00e7\u00f5es, tecnologias e interatividades em m\u00eddias para eventos que geram alto impacto.\" \/>\n<meta property=\"og:url\" content=\"https:\/\/midiasinovadoras.com.br\/ia\/orcamento-projeto-especial\/\" \/>\n<meta property=\"og:site_name\" content=\"M\u00eddias Inovadoras\" \/>\n<meta property=\"article:publisher\" content=\"https:\/\/www.facebook.com\/agenciaflyvision\/\" \/>\n<meta property=\"article:modified_time\" content=\"2023-11-06T20:03:38+00:00\" \/>\n<meta property=\"og:image\" content=\"https:\/\/midiasinovadoras.com.br\/ia\/wp-content\/uploads\/2023\/01\/video-slow-360-midias-inovadoras-logo-e1677087459306.png\" \/>\n\t<meta property=\"og:image:width\" content=\"462\" \/>\n\t<meta property=\"og:image:height\" content=\"349\" \/>\n\t<meta property=\"og:image:type\" content=\"image\/png\" \/>\n<meta name=\"twitter:card\" content=\"summary_large_image\" \/>\n<meta name=\"twitter:label1\" content=\"Est. tempo de leitura\" \/>\n\t<meta name=\"twitter:data1\" content=\"1 minuto\" \/>\n<script type=\"application\/ld+json\" class=\"yoast-schema-graph\">{\"@context\":\"https:\\\/\\\/schema.org\",\"@graph\":[{\"@type\":\"WebPage\",\"@id\":\"https:\\\/\\\/midiasinovadoras.com.br\\\/ia\\\/orcamento-projeto-especial\\\/\",\"url\":\"https:\\\/\\\/midiasinovadoras.com.br\\\/ia\\\/orcamento-projeto-especial\\\/\",\"name\":\"Or\u00e7amento Projeto Especial | M\u00eddias Inovadoras\",\"isPartOf\":{\"@id\":\"https:\\\/\\\/midiasinovadoras.com.br\\\/ia\\\/#website\"},\"datePublished\":\"2023-11-06T20:02:42+00:00\",\"dateModified\":\"2023-11-06T20:03:38+00:00\",\"breadcrumb\":{\"@id\":\"https:\\\/\\\/midiasinovadoras.com.br\\\/ia\\\/orcamento-projeto-especial\\\/#breadcrumb\"},\"inLanguage\":\"pt-BR\",\"potentialAction\":[{\"@type\":\"ReadAction\",\"target\":[\"https:\\\/\\\/midiasinovadoras.com.br\\\/ia\\\/orcamento-projeto-especial\\\/\"]}]},{\"@type\":\"BreadcrumbList\",\"@id\":\"https:\\\/\\\/midiasinovadoras.com.br\\\/ia\\\/orcamento-projeto-especial\\\/#breadcrumb\",\"itemListElement\":[{\"@type\":\"ListItem\",\"position\":1,\"name\":\"Home\",\"item\":\"https:\\\/\\\/midiasinovadoras.com.br\\\/ia\\\/\"},{\"@type\":\"ListItem\",\"position\":2,\"name\":\"Or\u00e7amento Projeto Especial\"}]},{\"@type\":\"WebSite\",\"@id\":\"https:\\\/\\\/midiasinovadoras.com.br\\\/ia\\\/#website\",\"url\":\"https:\\\/\\\/midiasinovadoras.com.br\\\/ia\\\/\",\"name\":\"Midias Inovadoras - Tecnologia e Interatividade para Eventos\",\"description\":\"Experi\u00eancias, inova\u00e7\u00f5es, tecnologias e interatividades para eventos e experi\u00eancia de Marca\",\"publisher\":{\"@id\":\"https:\\\/\\\/midiasinovadoras.com.br\\\/ia\\\/#organization\"},\"potentialAction\":[{\"@type\":\"SearchAction\",\"target\":{\"@type\":\"EntryPoint\",\"urlTemplate\":\"https:\\\/\\\/midiasinovadoras.com.br\\\/ia\\\/?s={search_term_string}\"},\"query-input\":{\"@type\":\"PropertyValueSpecification\",\"valueRequired\":true,\"valueName\":\"search_term_string\"}}],\"inLanguage\":\"pt-BR\"},{\"@type\":\"Organization\",\"@id\":\"https:\\\/\\\/midiasinovadoras.com.br\\\/ia\\\/#organization\",\"name\":\"M\u00eddias inovadoras\",\"url\":\"https:\\\/\\\/midiasinovadoras.com.br\\\/ia\\\/\",\"logo\":{\"@type\":\"ImageObject\",\"inLanguage\":\"pt-BR\",\"@id\":\"https:\\\/\\\/midiasinovadoras.com.br\\\/ia\\\/#\\\/schema\\\/logo\\\/image\\\/\",\"url\":\"http:\\\/\\\/midiasinovadoras.com.br\\\/ia\\\/wp-content\\\/uploads\\\/2023\\\/01\\\/logo-com-fumaca1-1.jpg\",\"contentUrl\":\"http:\\\/\\\/midiasinovadoras.com.br\\\/ia\\\/wp-content\\\/uploads\\\/2023\\\/01\\\/logo-com-fumaca1-1.jpg\",\"width\":1,\"height\":1,\"caption\":\"M\u00eddias inovadoras\"},\"image\":{\"@id\":\"https:\\\/\\\/midiasinovadoras.com.br\\\/ia\\\/#\\\/schema\\\/logo\\\/image\\\/\"},\"sameAs\":[\"https:\\\/\\\/www.facebook.com\\\/agenciaflyvision\\\/\",\"https:\\\/\\\/www.instagram.com\\\/midias_inovadoras\\\/\",\"https:\\\/\\\/www.youtube.com\\\/channel\\\/UC_IGJEsxkzaLZ72mRNxc3cA\"]}]}<\/script>\n<!-- \/ Yoast SEO Premium plugin. -->","yoast_head_json":{"title":"Or\u00e7amento Projeto Especial | M\u00eddias Inovadoras","robots":{"index":"noindex","follow":"follow","max-snippet":"max-snippet:-1","max-image-preview":"max-image-preview:large","max-video-preview":"max-video-preview:-1"},"og_locale":"pt_BR","og_type":"article","og_title":"Or\u00e7amento Projeto Especial - M\u00eddias Inovadoras","og_description":"Na M\u00eddias Inovadoras voc\u00ea encontra experi\u00eancias, inova\u00e7\u00f5es, tecnologias e interatividades em m\u00eddias para eventos que geram alto impacto.","og_url":"https:\/\/midiasinovadoras.com.br\/ia\/orcamento-projeto-especial\/","og_site_name":"M\u00eddias Inovadoras","article_publisher":"https:\/\/www.facebook.com\/agenciaflyvision\/","article_modified_time":"2023-11-06T20:03:38+00:00","og_image":[{"width":462,"height":349,"url":"https:\/\/midiasinovadoras.com.br\/ia\/wp-content\/uploads\/2023\/01\/video-slow-360-midias-inovadoras-logo-e1677087459306.png","type":"image\/png"}],"twitter_card":"summary_large_image","twitter_misc":{"Est. tempo de leitura":"1 minuto"},"schema":{"@context":"https:\/\/schema.org","@graph":[{"@type":"WebPage","@id":"https:\/\/midiasinovadoras.com.br\/ia\/orcamento-projeto-especial\/","url":"https:\/\/midiasinovadoras.com.br\/ia\/orcamento-projeto-especial\/","name":"Or\u00e7amento Projeto Especial | M\u00eddias Inovadoras","isPartOf":{"@id":"https:\/\/midiasinovadoras.com.br\/ia\/#website"},"datePublished":"2023-11-06T20:02:42+00:00","dateModified":"2023-11-06T20:03:38+00:00","breadcrumb":{"@id":"https:\/\/midiasinovadoras.com.br\/ia\/orcamento-projeto-especial\/#breadcrumb"},"inLanguage":"pt-BR","potentialAction":[{"@type":"ReadAction","target":["https:\/\/midiasinovadoras.com.br\/ia\/orcamento-projeto-especial\/"]}]},{"@type":"BreadcrumbList","@id":"https:\/\/midiasinovadoras.com.br\/ia\/orcamento-projeto-especial\/#breadcrumb","itemListElement":[{"@type":"ListItem","position":1,"name":"Home","item":"https:\/\/midiasinovadoras.com.br\/ia\/"},{"@type":"ListItem","position":2,"name":"Or\u00e7amento Projeto Especial"}]},{"@type":"WebSite","@id":"https:\/\/midiasinovadoras.com.br\/ia\/#website","url":"https:\/\/midiasinovadoras.com.br\/ia\/","name":"Midias Inovadoras - Tecnologia e Interatividade para Eventos","description":"Experi\u00eancias, inova\u00e7\u00f5es, tecnologias e interatividades para eventos e experi\u00eancia de Marca","publisher":{"@id":"https:\/\/midiasinovadoras.com.br\/ia\/#organization"},"potentialAction":[{"@type":"SearchAction","target":{"@type":"EntryPoint","urlTemplate":"https:\/\/midiasinovadoras.com.br\/ia\/?s={search_term_string}"},"query-input":{"@type":"PropertyValueSpecification","valueRequired":true,"valueName":"search_term_string"}}],"inLanguage":"pt-BR"},{"@type":"Organization","@id":"https:\/\/midiasinovadoras.com.br\/ia\/#organization","name":"M\u00eddias inovadoras","url":"https:\/\/midiasinovadoras.com.br\/ia\/","logo":{"@type":"ImageObject","inLanguage":"pt-BR","@id":"https:\/\/midiasinovadoras.com.br\/ia\/#\/schema\/logo\/image\/","url":"http:\/\/midiasinovadoras.com.br\/ia\/wp-content\/uploads\/2023\/01\/logo-com-fumaca1-1.jpg","contentUrl":"http:\/\/midiasinovadoras.com.br\/ia\/wp-content\/uploads\/2023\/01\/logo-com-fumaca1-1.jpg","width":1,"height":1,"caption":"M\u00eddias inovadoras"},"image":{"@id":"https:\/\/midiasinovadoras.com.br\/ia\/#\/schema\/logo\/image\/"},"sameAs":["https:\/\/www.facebook.com\/agenciaflyvision\/","https:\/\/www.instagram.com\/midias_inovadoras\/","https:\/\/www.youtube.com\/channel\/UC_IGJEsxkzaLZ72mRNxc3cA"]}]}},"_links":{"self":[{"href":"https:\/\/midiasinovadoras.com.br\/ia\/wp-json\/wp\/v2\/pages\/34390","targetHints":{"allow":["GET"]}}],"collection":[{"href":"https:\/\/midiasinovadoras.com.br\/ia\/wp-json\/wp\/v2\/pages"}],"about":[{"href":"https:\/\/midiasinovadoras.com.br\/ia\/wp-json\/wp\/v2\/types\/page"}],"author":[{"embeddable":true,"href":"https:\/\/midiasinovadoras.com.br\/ia\/wp-json\/wp\/v2\/users\/3"}],"replies":[{"embeddable":true,"href":"https:\/\/midiasinovadoras.com.br\/ia\/wp-json\/wp\/v2\/comments?post=34390"}],"version-history":[{"count":0,"href":"https:\/\/midiasinovadoras.com.br\/ia\/wp-json\/wp\/v2\/pages\/34390\/revisions"}],"wp:attachment":[{"href":"https:\/\/midiasinovadoras.com.br\/ia\/wp-json\/wp\/v2\/media?parent=34390"}],"curies":[{"name":"wp","href":"https:\/\/api.w.org\/{rel}","templated":true}]}}