{"id":200,"date":"2022-03-13T17:28:07","date_gmt":"2022-03-13T20:28:07","guid":{"rendered":"http:\/\/midiasinovadoras\/?page_id=200"},"modified":"2025-06-04T10:15:50","modified_gmt":"2025-06-04T13:15:50","slug":"contato","status":"publish","type":"page","link":"https:\/\/midiasinovadoras.com.br\/ia\/contato\/","title":{"rendered":"Contato"},"content":{"rendered":"\t\t<div data-elementor-type=\"wp-page\" data-elementor-id=\"200\" class=\"elementor elementor-200\" data-elementor-post-type=\"page\">\n\t\t\t\t\t\t<section class=\"elementor-section elementor-top-section elementor-element elementor-element-59cc758 elementor-section-boxed elementor-section-height-default elementor-section-height-default\" data-id=\"59cc758\" data-element_type=\"section\" data-e-type=\"section\" data-settings=\"{&quot;background_background&quot;:&quot;classic&quot;,&quot;jet_parallax_layout_list&quot;:[]}\">\n\t\t\t\t\t\t\t<div class=\"elementor-background-overlay\"><\/div>\n\t\t\t\t\t\t\t<div class=\"elementor-container elementor-column-gap-default\">\n\t\t\t\t\t<div class=\"elementor-column elementor-col-100 elementor-top-column elementor-element elementor-element-ba70fd9\" data-id=\"ba70fd9\" data-element_type=\"column\" data-e-type=\"column\">\n\t\t\t<div class=\"elementor-widget-wrap elementor-element-populated\">\n\t\t\t\t\t\t<div class=\"elementor-element elementor-element-66568f4 elementor-widget elementor-widget-spacer\" data-id=\"66568f4\" data-element_type=\"widget\" data-e-type=\"widget\" data-widget_type=\"spacer.default\">\n\t\t\t\t<div class=\"elementor-widget-container\">\n\t\t\t\t\t\t\t<div class=\"elementor-spacer\">\n\t\t\t<div class=\"elementor-spacer-inner\"><\/div>\n\t\t<\/div>\n\t\t\t\t\t\t<\/div>\n\t\t\t\t<\/div>\n\t\t\t\t<div class=\"elementor-element elementor-element-95633d0 elementor-widget elementor-widget-heading\" data-id=\"95633d0\" data-element_type=\"widget\" data-e-type=\"widget\" data-widget_type=\"heading.default\">\n\t\t\t\t<div class=\"elementor-widget-container\">\n\t\t\t\t\t<h2 class=\"elementor-heading-title elementor-size-default\">Nosso time. Nosso orgulho.<\/h2>\t\t\t\t<\/div>\n\t\t\t\t<\/div>\n\t\t\t\t<section class=\"elementor-section elementor-inner-section elementor-element elementor-element-877a0a9 elementor-section-boxed elementor-section-height-default elementor-section-height-default elementor-invisible\" data-id=\"877a0a9\" data-element_type=\"section\" data-e-type=\"section\" data-settings=\"{&quot;animation&quot;:&quot;slideInUp&quot;,&quot;jet_parallax_layout_list&quot;:[]}\">\n\t\t\t\t\t\t<div class=\"elementor-container elementor-column-gap-default\">\n\t\t\t\t\t<div class=\"elementor-column elementor-col-33 elementor-inner-column elementor-element elementor-element-92c64b7\" data-id=\"92c64b7\" data-element_type=\"column\" data-e-type=\"column\">\n\t\t\t<div class=\"elementor-widget-wrap elementor-element-populated\">\n\t\t\t\t\t\t<div class=\"elementor-element elementor-element-690f702 elementor-position-top elementor-widget elementor-widget-image-box\" data-id=\"690f702\" data-element_type=\"widget\" data-e-type=\"widget\" data-widget_type=\"image-box.default\">\n\t\t\t\t<div class=\"elementor-widget-container\">\n\t\t\t\t\t<div class=\"elementor-image-box-wrapper\"><figure class=\"elementor-image-box-img\"><img fetchpriority=\"high\" decoding=\"async\" width=\"512\" height=\"497\" src=\"https:\/\/midiasinovadoras.com.br\/wp-content\/uploads\/2025\/06\/AVATARES-MIDIAS-INOVADORAS2-1Prancheta-5.png\" class=\"attachment-full size-full wp-image-35515\" alt=\"\" srcset=\"https:\/\/midiasinovadoras.com.br\/wp-content\/uploads\/2025\/06\/AVATARES-MIDIAS-INOVADORAS2-1Prancheta-5.png 512w, https:\/\/midiasinovadoras.com.br\/wp-content\/uploads\/2025\/06\/AVATARES-MIDIAS-INOVADORAS2-1Prancheta-5-289x281.png 289w, https:\/\/midiasinovadoras.com.br\/wp-content\/uploads\/2025\/06\/AVATARES-MIDIAS-INOVADORAS2-1Prancheta-5-174x169.png 174w\" sizes=\"(max-width: 512px) 100vw, 512px\" \/><\/figure><div class=\"elementor-image-box-content\"><h3 class=\"elementor-image-box-title\">Clara Nascimento<\/h3><p class=\"elementor-image-box-description\">Coord. de atendimento<\/p><\/div><\/div>\t\t\t\t<\/div>\n\t\t\t\t<\/div>\n\t\t\t\t\t<\/div>\n\t\t<\/div>\n\t\t\t\t<div class=\"elementor-column elementor-col-33 elementor-inner-column elementor-element elementor-element-69666a4\" data-id=\"69666a4\" data-element_type=\"column\" data-e-type=\"column\">\n\t\t\t<div class=\"elementor-widget-wrap elementor-element-populated\">\n\t\t\t\t\t\t<div class=\"elementor-element elementor-element-8d84a81 elementor-position-top elementor-widget elementor-widget-image-box\" data-id=\"8d84a81\" data-element_type=\"widget\" data-e-type=\"widget\" data-widget_type=\"image-box.default\">\n\t\t\t\t<div class=\"elementor-widget-container\">\n\t\t\t\t\t<div class=\"elementor-image-box-wrapper\"><figure class=\"elementor-image-box-img\"><img decoding=\"async\" width=\"512\" height=\"512\" src=\"https:\/\/midiasinovadoras.com.br\/wp-content\/uploads\/2023\/02\/AVATAR-CAINA2.png\" class=\"attachment-full size-full wp-image-29058\" alt=\"\" srcset=\"https:\/\/midiasinovadoras.com.br\/wp-content\/uploads\/2023\/02\/AVATAR-CAINA2.png 512w, https:\/\/midiasinovadoras.com.br\/wp-content\/uploads\/2023\/02\/AVATAR-CAINA2-281x281.png 281w, https:\/\/midiasinovadoras.com.br\/wp-content\/uploads\/2023\/02\/AVATAR-CAINA2-169x169.png 169w\" sizes=\"(max-width: 512px) 100vw, 512px\" \/><\/figure><div class=\"elementor-image-box-content\"><h3 class=\"elementor-image-box-title\">Cain\u00e3 Magalh\u00e3es<\/h3><p class=\"elementor-image-box-description\">CEO<\/p><\/div><\/div>\t\t\t\t<\/div>\n\t\t\t\t<\/div>\n\t\t\t\t\t<\/div>\n\t\t<\/div>\n\t\t\t\t<div class=\"elementor-column elementor-col-33 elementor-inner-column elementor-element elementor-element-3e6fb7e\" data-id=\"3e6fb7e\" data-element_type=\"column\" data-e-type=\"column\">\n\t\t\t<div class=\"elementor-widget-wrap elementor-element-populated\">\n\t\t\t\t\t\t<div class=\"elementor-element elementor-element-34dc809 elementor-position-top elementor-widget elementor-widget-image-box\" data-id=\"34dc809\" data-element_type=\"widget\" data-e-type=\"widget\" data-widget_type=\"image-box.default\">\n\t\t\t\t<div class=\"elementor-widget-container\">\n\t\t\t\t\t<div class=\"elementor-image-box-wrapper\"><figure class=\"elementor-image-box-img\"><img decoding=\"async\" width=\"512\" height=\"497\" src=\"https:\/\/midiasinovadoras.com.br\/wp-content\/uploads\/2025\/06\/AVATARES-MIDIAS-INOVADORAS2-1Prancheta-13.png\" class=\"attachment-full size-full wp-image-35513\" alt=\"\" srcset=\"https:\/\/midiasinovadoras.com.br\/wp-content\/uploads\/2025\/06\/AVATARES-MIDIAS-INOVADORAS2-1Prancheta-13.png 512w, https:\/\/midiasinovadoras.com.br\/wp-content\/uploads\/2025\/06\/AVATARES-MIDIAS-INOVADORAS2-1Prancheta-13-289x281.png 289w, https:\/\/midiasinovadoras.com.br\/wp-content\/uploads\/2025\/06\/AVATARES-MIDIAS-INOVADORAS2-1Prancheta-13-174x169.png 174w\" sizes=\"(max-width: 512px) 100vw, 512px\" \/><\/figure><div class=\"elementor-image-box-content\"><h3 class=\"elementor-image-box-title\">G\u00ea Velozo<\/h3><p class=\"elementor-image-box-description\">Produtor<\/p><\/div><\/div>\t\t\t\t<\/div>\n\t\t\t\t<\/div>\n\t\t\t\t\t<\/div>\n\t\t<\/div>\n\t\t\t\t\t<\/div>\n\t\t<\/section>\n\t\t\t\t<div class=\"elementor-element elementor-element-40eeed3 elementor-widget elementor-widget-spacer\" data-id=\"40eeed3\" data-element_type=\"widget\" data-e-type=\"widget\" data-widget_type=\"spacer.default\">\n\t\t\t\t<div class=\"elementor-widget-container\">\n\t\t\t\t\t\t\t<div class=\"elementor-spacer\">\n\t\t\t<div class=\"elementor-spacer-inner\"><\/div>\n\t\t<\/div>\n\t\t\t\t\t\t<\/div>\n\t\t\t\t<\/div>\n\t\t\t\t\t<\/div>\n\t\t<\/div>\n\t\t\t\t\t<\/div>\n\t\t<\/section>\n\t\t\t\t<\/div>\n\t\t","protected":false},"excerpt":{"rendered":"<p>Nosso time. Nosso orgulho. Clara Nascimento Coord. de atendimento Cain\u00e3 Magalh\u00e3es CEO G\u00ea Velozo Produtor<\/p>\n","protected":false},"author":3,"featured_media":0,"parent":0,"menu_order":0,"comment_status":"closed","ping_status":"closed","template":"","meta":{"_acf_changed":false,"footnotes":""},"class_list":["post-200","page","type-page","status-publish","hentry"],"acf":[],"yoast_head":"<!-- This site is optimized with the Yoast SEO Premium plugin v27.3 (Yoast SEO v27.4) - https:\/\/yoast.com\/product\/yoast-seo-premium-wordpress\/ -->\n<title>Contato | M\u00eddias Inovadoras<\/title>\n<meta name=\"description\" content=\"A M\u00eddias Inovadoras tem solu\u00e7\u00f5es para todos os tipos de eventos. Entre em um contato com um de nossos assessores.\" \/>\n<meta name=\"robots\" content=\"index, follow, max-snippet:-1, max-image-preview:large, max-video-preview:-1\" \/>\n<link rel=\"canonical\" href=\"https:\/\/midiasinovadoras.com.br\/ia\/contato\/\" \/>\n<meta property=\"og:locale\" content=\"pt_BR\" \/>\n<meta property=\"og:type\" content=\"article\" \/>\n<meta property=\"og:title\" content=\"Contato - M\u00eddias Inovadoras\" \/>\n<meta property=\"og:description\" content=\"Na M\u00eddias Inovadoras voc\u00ea encontra experi\u00eancias, inova\u00e7\u00f5es, tecnologias e interatividades em m\u00eddias para eventos que geram alto impacto.\" \/>\n<meta property=\"og:url\" content=\"https:\/\/midiasinovadoras.com.br\/ia\/contato\/\" \/>\n<meta property=\"og:site_name\" content=\"M\u00eddias Inovadoras\" \/>\n<meta property=\"article:publisher\" content=\"https:\/\/www.facebook.com\/agenciaflyvision\/\" \/>\n<meta property=\"article:modified_time\" content=\"2025-06-04T13:15:50+00:00\" \/>\n<meta property=\"og:image\" content=\"http:\/\/midiasinovadoras.com.br\/ia\/wp-content\/uploads\/2025\/06\/AVATARES-MIDIAS-INOVADORAS2-1Prancheta-5.png\" \/>\n<meta name=\"twitter:card\" content=\"summary_large_image\" \/>\n<meta name=\"twitter:label1\" content=\"Est. tempo de leitura\" \/>\n\t<meta name=\"twitter:data1\" content=\"1 minuto\" \/>\n<script type=\"application\/ld+json\" class=\"yoast-schema-graph\">{\"@context\":\"https:\\\/\\\/schema.org\",\"@graph\":[{\"@type\":\"WebPage\",\"@id\":\"https:\\\/\\\/midiasinovadoras.com.br\\\/ia\\\/contato\\\/\",\"url\":\"https:\\\/\\\/midiasinovadoras.com.br\\\/ia\\\/contato\\\/\",\"name\":\"Contato | M\u00eddias Inovadoras\",\"isPartOf\":{\"@id\":\"https:\\\/\\\/midiasinovadoras.com.br\\\/ia\\\/#website\"},\"primaryImageOfPage\":{\"@id\":\"https:\\\/\\\/midiasinovadoras.com.br\\\/ia\\\/contato\\\/#primaryimage\"},\"image\":{\"@id\":\"https:\\\/\\\/midiasinovadoras.com.br\\\/ia\\\/contato\\\/#primaryimage\"},\"thumbnailUrl\":\"http:\\\/\\\/midiasinovadoras.com.br\\\/ia\\\/wp-content\\\/uploads\\\/2025\\\/06\\\/AVATARES-MIDIAS-INOVADORAS2-1Prancheta-5.png\",\"datePublished\":\"2022-03-13T20:28:07+00:00\",\"dateModified\":\"2025-06-04T13:15:50+00:00\",\"description\":\"A M\u00eddias Inovadoras tem solu\u00e7\u00f5es para todos os tipos de eventos. Entre em um contato com um de nossos assessores.\",\"breadcrumb\":{\"@id\":\"https:\\\/\\\/midiasinovadoras.com.br\\\/ia\\\/contato\\\/#breadcrumb\"},\"inLanguage\":\"pt-BR\",\"potentialAction\":[{\"@type\":\"ReadAction\",\"target\":[\"https:\\\/\\\/midiasinovadoras.com.br\\\/ia\\\/contato\\\/\"]}]},{\"@type\":\"ImageObject\",\"inLanguage\":\"pt-BR\",\"@id\":\"https:\\\/\\\/midiasinovadoras.com.br\\\/ia\\\/contato\\\/#primaryimage\",\"url\":\"http:\\\/\\\/midiasinovadoras.com.br\\\/ia\\\/wp-content\\\/uploads\\\/2025\\\/06\\\/AVATARES-MIDIAS-INOVADORAS2-1Prancheta-5.png\",\"contentUrl\":\"http:\\\/\\\/midiasinovadoras.com.br\\\/ia\\\/wp-content\\\/uploads\\\/2025\\\/06\\\/AVATARES-MIDIAS-INOVADORAS2-1Prancheta-5.png\"},{\"@type\":\"BreadcrumbList\",\"@id\":\"https:\\\/\\\/midiasinovadoras.com.br\\\/ia\\\/contato\\\/#breadcrumb\",\"itemListElement\":[{\"@type\":\"ListItem\",\"position\":1,\"name\":\"Home\",\"item\":\"https:\\\/\\\/midiasinovadoras.com.br\\\/ia\\\/\"},{\"@type\":\"ListItem\",\"position\":2,\"name\":\"Contato\"}]},{\"@type\":\"WebSite\",\"@id\":\"https:\\\/\\\/midiasinovadoras.com.br\\\/ia\\\/#website\",\"url\":\"https:\\\/\\\/midiasinovadoras.com.br\\\/ia\\\/\",\"name\":\"Midias Inovadoras - Tecnologia e Interatividade para Eventos\",\"description\":\"Experi\u00eancias, inova\u00e7\u00f5es, tecnologias e interatividades para eventos e experi\u00eancia de Marca\",\"publisher\":{\"@id\":\"https:\\\/\\\/midiasinovadoras.com.br\\\/ia\\\/#organization\"},\"potentialAction\":[{\"@type\":\"SearchAction\",\"target\":{\"@type\":\"EntryPoint\",\"urlTemplate\":\"https:\\\/\\\/midiasinovadoras.com.br\\\/ia\\\/?s={search_term_string}\"},\"query-input\":{\"@type\":\"PropertyValueSpecification\",\"valueRequired\":true,\"valueName\":\"search_term_string\"}}],\"inLanguage\":\"pt-BR\"},{\"@type\":\"Organization\",\"@id\":\"https:\\\/\\\/midiasinovadoras.com.br\\\/ia\\\/#organization\",\"name\":\"M\u00eddias inovadoras\",\"url\":\"https:\\\/\\\/midiasinovadoras.com.br\\\/ia\\\/\",\"logo\":{\"@type\":\"ImageObject\",\"inLanguage\":\"pt-BR\",\"@id\":\"https:\\\/\\\/midiasinovadoras.com.br\\\/ia\\\/#\\\/schema\\\/logo\\\/image\\\/\",\"url\":\"https:\\\/\\\/midiasinovadoras.com.br\\\/wp-content\\\/uploads\\\/2023\\\/01\\\/logo-com-fumaca1-1.jpg\",\"contentUrl\":\"https:\\\/\\\/midiasinovadoras.com.br\\\/wp-content\\\/uploads\\\/2023\\\/01\\\/logo-com-fumaca1-1.jpg\",\"width\":1,\"height\":1,\"caption\":\"M\u00eddias inovadoras\"},\"image\":{\"@id\":\"https:\\\/\\\/midiasinovadoras.com.br\\\/ia\\\/#\\\/schema\\\/logo\\\/image\\\/\"},\"sameAs\":[\"https:\\\/\\\/www.facebook.com\\\/agenciaflyvision\\\/\",\"https:\\\/\\\/www.instagram.com\\\/midias_inovadoras\\\/\",\"https:\\\/\\\/www.youtube.com\\\/channel\\\/UC_IGJEsxkzaLZ72mRNxc3cA\"]}]}<\/script>\n<!-- \/ Yoast SEO Premium plugin. -->","yoast_head_json":{"title":"Contato | M\u00eddias Inovadoras","description":"A M\u00eddias Inovadoras tem solu\u00e7\u00f5es para todos os tipos de eventos. Entre em um contato com um de nossos assessores.","robots":{"index":"index","follow":"follow","max-snippet":"max-snippet:-1","max-image-preview":"max-image-preview:large","max-video-preview":"max-video-preview:-1"},"canonical":"https:\/\/midiasinovadoras.com.br\/ia\/contato\/","og_locale":"pt_BR","og_type":"article","og_title":"Contato - M\u00eddias Inovadoras","og_description":"Na M\u00eddias Inovadoras voc\u00ea encontra experi\u00eancias, inova\u00e7\u00f5es, tecnologias e interatividades em m\u00eddias para eventos que geram alto impacto.","og_url":"https:\/\/midiasinovadoras.com.br\/ia\/contato\/","og_site_name":"M\u00eddias Inovadoras","article_publisher":"https:\/\/www.facebook.com\/agenciaflyvision\/","article_modified_time":"2025-06-04T13:15:50+00:00","og_image":[{"url":"http:\/\/midiasinovadoras.com.br\/ia\/wp-content\/uploads\/2025\/06\/AVATARES-MIDIAS-INOVADORAS2-1Prancheta-5.png","type":"","width":"","height":""}],"twitter_card":"summary_large_image","twitter_misc":{"Est. tempo de leitura":"1 minuto"},"schema":{"@context":"https:\/\/schema.org","@graph":[{"@type":"WebPage","@id":"https:\/\/midiasinovadoras.com.br\/ia\/contato\/","url":"https:\/\/midiasinovadoras.com.br\/ia\/contato\/","name":"Contato | M\u00eddias Inovadoras","isPartOf":{"@id":"https:\/\/midiasinovadoras.com.br\/ia\/#website"},"primaryImageOfPage":{"@id":"https:\/\/midiasinovadoras.com.br\/ia\/contato\/#primaryimage"},"image":{"@id":"https:\/\/midiasinovadoras.com.br\/ia\/contato\/#primaryimage"},"thumbnailUrl":"http:\/\/midiasinovadoras.com.br\/ia\/wp-content\/uploads\/2025\/06\/AVATARES-MIDIAS-INOVADORAS2-1Prancheta-5.png","datePublished":"2022-03-13T20:28:07+00:00","dateModified":"2025-06-04T13:15:50+00:00","description":"A M\u00eddias Inovadoras tem solu\u00e7\u00f5es para todos os tipos de eventos. Entre em um contato com um de nossos assessores.","breadcrumb":{"@id":"https:\/\/midiasinovadoras.com.br\/ia\/contato\/#breadcrumb"},"inLanguage":"pt-BR","potentialAction":[{"@type":"ReadAction","target":["https:\/\/midiasinovadoras.com.br\/ia\/contato\/"]}]},{"@type":"ImageObject","inLanguage":"pt-BR","@id":"https:\/\/midiasinovadoras.com.br\/ia\/contato\/#primaryimage","url":"http:\/\/midiasinovadoras.com.br\/ia\/wp-content\/uploads\/2025\/06\/AVATARES-MIDIAS-INOVADORAS2-1Prancheta-5.png","contentUrl":"http:\/\/midiasinovadoras.com.br\/ia\/wp-content\/uploads\/2025\/06\/AVATARES-MIDIAS-INOVADORAS2-1Prancheta-5.png"},{"@type":"BreadcrumbList","@id":"https:\/\/midiasinovadoras.com.br\/ia\/contato\/#breadcrumb","itemListElement":[{"@type":"ListItem","position":1,"name":"Home","item":"https:\/\/midiasinovadoras.com.br\/ia\/"},{"@type":"ListItem","position":2,"name":"Contato"}]},{"@type":"WebSite","@id":"https:\/\/midiasinovadoras.com.br\/ia\/#website","url":"https:\/\/midiasinovadoras.com.br\/ia\/","name":"Midias Inovadoras - Tecnologia e Interatividade para Eventos","description":"Experi\u00eancias, inova\u00e7\u00f5es, tecnologias e interatividades para eventos e experi\u00eancia de Marca","publisher":{"@id":"https:\/\/midiasinovadoras.com.br\/ia\/#organization"},"potentialAction":[{"@type":"SearchAction","target":{"@type":"EntryPoint","urlTemplate":"https:\/\/midiasinovadoras.com.br\/ia\/?s={search_term_string}"},"query-input":{"@type":"PropertyValueSpecification","valueRequired":true,"valueName":"search_term_string"}}],"inLanguage":"pt-BR"},{"@type":"Organization","@id":"https:\/\/midiasinovadoras.com.br\/ia\/#organization","name":"M\u00eddias inovadoras","url":"https:\/\/midiasinovadoras.com.br\/ia\/","logo":{"@type":"ImageObject","inLanguage":"pt-BR","@id":"https:\/\/midiasinovadoras.com.br\/ia\/#\/schema\/logo\/image\/","url":"https:\/\/midiasinovadoras.com.br\/wp-content\/uploads\/2023\/01\/logo-com-fumaca1-1.jpg","contentUrl":"https:\/\/midiasinovadoras.com.br\/wp-content\/uploads\/2023\/01\/logo-com-fumaca1-1.jpg","width":1,"height":1,"caption":"M\u00eddias inovadoras"},"image":{"@id":"https:\/\/midiasinovadoras.com.br\/ia\/#\/schema\/logo\/image\/"},"sameAs":["https:\/\/www.facebook.com\/agenciaflyvision\/","https:\/\/www.instagram.com\/midias_inovadoras\/","https:\/\/www.youtube.com\/channel\/UC_IGJEsxkzaLZ72mRNxc3cA"]}]}},"_links":{"self":[{"href":"https:\/\/midiasinovadoras.com.br\/ia\/wp-json\/wp\/v2\/pages\/200","targetHints":{"allow":["GET"]}}],"collection":[{"href":"https:\/\/midiasinovadoras.com.br\/ia\/wp-json\/wp\/v2\/pages"}],"about":[{"href":"https:\/\/midiasinovadoras.com.br\/ia\/wp-json\/wp\/v2\/types\/page"}],"author":[{"embeddable":true,"href":"https:\/\/midiasinovadoras.com.br\/ia\/wp-json\/wp\/v2\/users\/3"}],"replies":[{"embeddable":true,"href":"https:\/\/midiasinovadoras.com.br\/ia\/wp-json\/wp\/v2\/comments?post=200"}],"version-history":[{"count":3,"href":"https:\/\/midiasinovadoras.com.br\/ia\/wp-json\/wp\/v2\/pages\/200\/revisions"}],"predecessor-version":[{"id":35518,"href":"https:\/\/midiasinovadoras.com.br\/ia\/wp-json\/wp\/v2\/pages\/200\/revisions\/35518"}],"wp:attachment":[{"href":"https:\/\/midiasinovadoras.com.br\/ia\/wp-json\/wp\/v2\/media?parent=200"}],"curies":[{"name":"wp","href":"https:\/\/api.w.org\/{rel}","templated":true}]}}