{"id":187,"date":"2022-03-13T17:23:42","date_gmt":"2022-03-13T20:23:42","guid":{"rendered":"http:\/\/midiasinovadoras\/?page_id=187"},"modified":"2024-05-03T17:45:30","modified_gmt":"2024-05-03T20:45:30","slug":"categorias","status":"publish","type":"page","link":"https:\/\/midiasinovadoras.com.br\/ia\/categorias\/","title":{"rendered":"Categorias"},"content":{"rendered":"\t\t<div data-elementor-type=\"wp-page\" data-elementor-id=\"187\" class=\"elementor elementor-187\" data-elementor-post-type=\"page\">\n\t\t\t\t\t\t<section class=\"elementor-section elementor-top-section elementor-element elementor-element-2f24404b elementor-section-full_width elementor-section-height-full elementor-section-height-default elementor-section-items-middle\" data-id=\"2f24404b\" data-element_type=\"section\" data-e-type=\"section\" data-settings=\"{&quot;background_background&quot;:&quot;classic&quot;,&quot;jet_parallax_layout_list&quot;:[]}\">\n\t\t\t\t\t\t<div class=\"elementor-container elementor-column-gap-default\">\n\t\t\t\t\t<div class=\"elementor-column elementor-col-100 elementor-top-column elementor-element elementor-element-31ae9793\" data-id=\"31ae9793\" data-element_type=\"column\" data-e-type=\"column\">\n\t\t\t<div class=\"elementor-widget-wrap elementor-element-populated\">\n\t\t\t\t\t\t<section class=\"elementor-section elementor-inner-section elementor-element elementor-element-5c4642a8 elementor-section-boxed elementor-section-height-default elementor-section-height-default\" data-id=\"5c4642a8\" data-element_type=\"section\" data-e-type=\"section\" data-settings=\"{&quot;jet_parallax_layout_list&quot;:[]}\">\n\t\t\t\t\t\t<div class=\"elementor-container elementor-column-gap-default\">\n\t\t\t\t\t<div class=\"elementor-column elementor-col-25 elementor-inner-column elementor-element elementor-element-3a9d77da\" data-id=\"3a9d77da\" data-element_type=\"column\" data-e-type=\"column\">\n\t\t\t<div class=\"elementor-widget-wrap elementor-element-populated\">\n\t\t\t\t\t\t<div class=\"elementor-element elementor-element-2362e26d elementor-widget elementor-widget-image\" data-id=\"2362e26d\" data-element_type=\"widget\" data-e-type=\"widget\" data-widget_type=\"image.default\">\n\t\t\t\t<div class=\"elementor-widget-container\">\n\t\t\t\t\t\t\t\t\t\t\t\t\t\t\t\t<a href=\"https:\/\/midiasinovadoras.com.br\/ia\/tecnologias-aereas-para-eventos\/\">\n\t\t\t\t\t\t\t<img fetchpriority=\"high\" decoding=\"async\" width=\"800\" height=\"419\" src=\"https:\/\/midiasinovadoras.com.br\/wp-content\/uploads\/2023\/01\/aereas.png\" class=\"attachment-large size-large wp-image-28744\" alt=\"\" srcset=\"https:\/\/midiasinovadoras.com.br\/wp-content\/uploads\/2023\/01\/aereas.png 1200w, https:\/\/midiasinovadoras.com.br\/wp-content\/uploads\/2023\/01\/aereas-500x262.png 500w, https:\/\/midiasinovadoras.com.br\/wp-content\/uploads\/2023\/01\/aereas-300x157.png 300w, https:\/\/midiasinovadoras.com.br\/wp-content\/uploads\/2023\/01\/aereas-768x402.png 768w\" sizes=\"(max-width: 800px) 100vw, 800px\" \/>\t\t\t\t\t\t\t\t<\/a>\n\t\t\t\t\t\t\t\t\t\t\t\t\t\t\t<\/div>\n\t\t\t\t<\/div>\n\t\t\t\t\t<\/div>\n\t\t<\/div>\n\t\t\t\t<div class=\"elementor-column elementor-col-25 elementor-inner-column elementor-element elementor-element-3d62a52f\" data-id=\"3d62a52f\" data-element_type=\"column\" data-e-type=\"column\">\n\t\t\t<div class=\"elementor-widget-wrap elementor-element-populated\">\n\t\t\t\t\t\t<div class=\"elementor-element elementor-element-71e321c6 elementor-widget elementor-widget-image\" data-id=\"71e321c6\" data-element_type=\"widget\" data-e-type=\"widget\" data-widget_type=\"image.default\">\n\t\t\t\t<div class=\"elementor-widget-container\">\n\t\t\t\t\t\t\t\t\t\t\t\t\t\t\t\t<a href=\"https:\/\/midiasinovadoras.com.br\/ia\/tecnologias-artisticas-para-eventos\/\">\n\t\t\t\t\t\t\t<img decoding=\"async\" width=\"800\" height=\"419\" src=\"https:\/\/midiasinovadoras.com.br\/wp-content\/uploads\/2023\/01\/Artisticas.png\" class=\"attachment-large size-large wp-image-28745\" alt=\"\" srcset=\"https:\/\/midiasinovadoras.com.br\/wp-content\/uploads\/2023\/01\/Artisticas.png 1200w, https:\/\/midiasinovadoras.com.br\/wp-content\/uploads\/2023\/01\/Artisticas-500x262.png 500w, https:\/\/midiasinovadoras.com.br\/wp-content\/uploads\/2023\/01\/Artisticas-300x157.png 300w, https:\/\/midiasinovadoras.com.br\/wp-content\/uploads\/2023\/01\/Artisticas-768x402.png 768w\" sizes=\"(max-width: 800px) 100vw, 800px\" \/>\t\t\t\t\t\t\t\t<\/a>\n\t\t\t\t\t\t\t\t\t\t\t\t\t\t\t<\/div>\n\t\t\t\t<\/div>\n\t\t\t\t\t<\/div>\n\t\t<\/div>\n\t\t\t\t<div class=\"elementor-column elementor-col-25 elementor-inner-column elementor-element elementor-element-1a62ef\" data-id=\"1a62ef\" data-element_type=\"column\" data-e-type=\"column\">\n\t\t\t<div class=\"elementor-widget-wrap elementor-element-populated\">\n\t\t\t\t\t\t<div class=\"elementor-element elementor-element-4b31e3ab elementor-widget elementor-widget-image\" data-id=\"4b31e3ab\" data-element_type=\"widget\" data-e-type=\"widget\" data-widget_type=\"image.default\">\n\t\t\t\t<div class=\"elementor-widget-container\">\n\t\t\t\t\t\t\t\t\t\t\t\t\t\t\t\t<a href=\"https:\/\/midiasinovadoras.com.br\/ia\/tecnologias-de-fotos-para-eventos\/\">\n\t\t\t\t\t\t\t<img decoding=\"async\" width=\"800\" height=\"419\" src=\"https:\/\/midiasinovadoras.com.br\/wp-content\/uploads\/2023\/01\/fotos.png\" class=\"attachment-large size-large wp-image-28749\" alt=\"\" srcset=\"https:\/\/midiasinovadoras.com.br\/wp-content\/uploads\/2023\/01\/fotos.png 1200w, https:\/\/midiasinovadoras.com.br\/wp-content\/uploads\/2023\/01\/fotos-500x262.png 500w, https:\/\/midiasinovadoras.com.br\/wp-content\/uploads\/2023\/01\/fotos-300x157.png 300w, https:\/\/midiasinovadoras.com.br\/wp-content\/uploads\/2023\/01\/fotos-768x402.png 768w\" sizes=\"(max-width: 800px) 100vw, 800px\" \/>\t\t\t\t\t\t\t\t<\/a>\n\t\t\t\t\t\t\t\t\t\t\t\t\t\t\t<\/div>\n\t\t\t\t<\/div>\n\t\t\t\t\t<\/div>\n\t\t<\/div>\n\t\t\t\t<div class=\"elementor-column elementor-col-25 elementor-inner-column elementor-element elementor-element-65b02a48\" data-id=\"65b02a48\" data-element_type=\"column\" data-e-type=\"column\">\n\t\t\t<div class=\"elementor-widget-wrap elementor-element-populated\">\n\t\t\t\t\t\t<div class=\"elementor-element elementor-element-1f1e4edd elementor-widget elementor-widget-image\" data-id=\"1f1e4edd\" data-element_type=\"widget\" data-e-type=\"widget\" data-widget_type=\"image.default\">\n\t\t\t\t<div class=\"elementor-widget-container\">\n\t\t\t\t\t\t\t\t\t\t\t\t\t\t\t\t<a href=\"https:\/\/midiasinovadoras.com.br\/ia\/hologramas-para-eventos\/\">\n\t\t\t\t\t\t\t<img loading=\"lazy\" decoding=\"async\" width=\"800\" height=\"419\" src=\"https:\/\/midiasinovadoras.com.br\/wp-content\/uploads\/2023\/01\/Hologramas.png\" class=\"attachment-large size-large wp-image-28750\" alt=\"\" srcset=\"https:\/\/midiasinovadoras.com.br\/wp-content\/uploads\/2023\/01\/Hologramas.png 1200w, https:\/\/midiasinovadoras.com.br\/wp-content\/uploads\/2023\/01\/Hologramas-500x262.png 500w, https:\/\/midiasinovadoras.com.br\/wp-content\/uploads\/2023\/01\/Hologramas-300x157.png 300w, https:\/\/midiasinovadoras.com.br\/wp-content\/uploads\/2023\/01\/Hologramas-768x402.png 768w\" sizes=\"(max-width: 800px) 100vw, 800px\" \/>\t\t\t\t\t\t\t\t<\/a>\n\t\t\t\t\t\t\t\t\t\t\t\t\t\t\t<\/div>\n\t\t\t\t<\/div>\n\t\t\t\t\t<\/div>\n\t\t<\/div>\n\t\t\t\t\t<\/div>\n\t\t<\/section>\n\t\t\t\t<section class=\"elementor-section elementor-inner-section elementor-element elementor-element-72b373a8 elementor-section-boxed elementor-section-height-default elementor-section-height-default\" data-id=\"72b373a8\" data-element_type=\"section\" data-e-type=\"section\" data-settings=\"{&quot;jet_parallax_layout_list&quot;:[]}\">\n\t\t\t\t\t\t<div class=\"elementor-container elementor-column-gap-default\">\n\t\t\t\t\t<div class=\"elementor-column elementor-col-25 elementor-inner-column elementor-element elementor-element-d4dfe02\" data-id=\"d4dfe02\" data-element_type=\"column\" data-e-type=\"column\">\n\t\t\t<div class=\"elementor-widget-wrap elementor-element-populated\">\n\t\t\t\t\t\t<div class=\"elementor-element elementor-element-78f552b4 elementor-widget elementor-widget-image\" data-id=\"78f552b4\" data-element_type=\"widget\" data-e-type=\"widget\" data-widget_type=\"image.default\">\n\t\t\t\t<div class=\"elementor-widget-container\">\n\t\t\t\t\t\t\t\t\t\t\t\t\t\t\t\t<a href=\"https:\/\/midiasinovadoras.com.br\/ia\/robos-para-eventos\/\">\n\t\t\t\t\t\t\t<img loading=\"lazy\" decoding=\"async\" width=\"800\" height=\"419\" src=\"https:\/\/midiasinovadoras.com.br\/wp-content\/uploads\/2023\/01\/robos.png\" class=\"attachment-large size-large wp-image-28752\" alt=\"\" srcset=\"https:\/\/midiasinovadoras.com.br\/wp-content\/uploads\/2023\/01\/robos.png 1200w, https:\/\/midiasinovadoras.com.br\/wp-content\/uploads\/2023\/01\/robos-500x262.png 500w, https:\/\/midiasinovadoras.com.br\/wp-content\/uploads\/2023\/01\/robos-300x157.png 300w, https:\/\/midiasinovadoras.com.br\/wp-content\/uploads\/2023\/01\/robos-768x402.png 768w\" sizes=\"(max-width: 800px) 100vw, 800px\" \/>\t\t\t\t\t\t\t\t<\/a>\n\t\t\t\t\t\t\t\t\t\t\t\t\t\t\t<\/div>\n\t\t\t\t<\/div>\n\t\t\t\t\t<\/div>\n\t\t<\/div>\n\t\t\t\t<div class=\"elementor-column elementor-col-25 elementor-inner-column elementor-element elementor-element-4cfb3e50\" data-id=\"4cfb3e50\" data-element_type=\"column\" data-e-type=\"column\">\n\t\t\t<div class=\"elementor-widget-wrap elementor-element-populated\">\n\t\t\t\t\t\t<div class=\"elementor-element elementor-element-72cb189e elementor-widget elementor-widget-image\" data-id=\"72cb189e\" data-element_type=\"widget\" data-e-type=\"widget\" data-widget_type=\"image.default\">\n\t\t\t\t<div class=\"elementor-widget-container\">\n\t\t\t\t\t\t\t\t\t\t\t\t\t\t\t\t<a href=\"https:\/\/midiasinovadoras.com.br\/ia\/tecnologias-interativas-para-eventos\/\">\n\t\t\t\t\t\t\t<img loading=\"lazy\" decoding=\"async\" width=\"800\" height=\"419\" src=\"https:\/\/midiasinovadoras.com.br\/wp-content\/uploads\/2023\/01\/insterativas.png\" class=\"attachment-large size-large wp-image-28751\" alt=\"\" srcset=\"https:\/\/midiasinovadoras.com.br\/wp-content\/uploads\/2023\/01\/insterativas.png 1200w, https:\/\/midiasinovadoras.com.br\/wp-content\/uploads\/2023\/01\/insterativas-500x262.png 500w, https:\/\/midiasinovadoras.com.br\/wp-content\/uploads\/2023\/01\/insterativas-300x157.png 300w, https:\/\/midiasinovadoras.com.br\/wp-content\/uploads\/2023\/01\/insterativas-768x402.png 768w\" sizes=\"(max-width: 800px) 100vw, 800px\" \/>\t\t\t\t\t\t\t\t<\/a>\n\t\t\t\t\t\t\t\t\t\t\t\t\t\t\t<\/div>\n\t\t\t\t<\/div>\n\t\t\t\t\t<\/div>\n\t\t<\/div>\n\t\t\t\t<div class=\"elementor-column elementor-col-25 elementor-inner-column elementor-element elementor-element-5eb47234\" data-id=\"5eb47234\" data-element_type=\"column\" data-e-type=\"column\">\n\t\t\t<div class=\"elementor-widget-wrap elementor-element-populated\">\n\t\t\t\t\t\t<div class=\"elementor-element elementor-element-697a4ec9 elementor-widget elementor-widget-image\" data-id=\"697a4ec9\" data-element_type=\"widget\" data-e-type=\"widget\" data-widget_type=\"image.default\">\n\t\t\t\t<div class=\"elementor-widget-container\">\n\t\t\t\t\t\t\t\t\t\t\t\t\t\t\t\t<a href=\"https:\/\/midiasinovadoras.com.br\/ia\/midias-ecologicas-para-publicidade\/\">\n\t\t\t\t\t\t\t<img loading=\"lazy\" decoding=\"async\" width=\"800\" height=\"419\" src=\"https:\/\/midiasinovadoras.com.br\/wp-content\/uploads\/2023\/01\/Ecologicas.png\" class=\"attachment-large size-large wp-image-28748\" alt=\"\" srcset=\"https:\/\/midiasinovadoras.com.br\/wp-content\/uploads\/2023\/01\/Ecologicas.png 1200w, https:\/\/midiasinovadoras.com.br\/wp-content\/uploads\/2023\/01\/Ecologicas-500x262.png 500w, https:\/\/midiasinovadoras.com.br\/wp-content\/uploads\/2023\/01\/Ecologicas-300x157.png 300w, https:\/\/midiasinovadoras.com.br\/wp-content\/uploads\/2023\/01\/Ecologicas-768x402.png 768w\" sizes=\"(max-width: 800px) 100vw, 800px\" \/>\t\t\t\t\t\t\t\t<\/a>\n\t\t\t\t\t\t\t\t\t\t\t\t\t\t\t<\/div>\n\t\t\t\t<\/div>\n\t\t\t\t\t<\/div>\n\t\t<\/div>\n\t\t\t\t<div class=\"elementor-column elementor-col-25 elementor-inner-column elementor-element elementor-element-55bd4337\" data-id=\"55bd4337\" data-element_type=\"column\" data-e-type=\"column\">\n\t\t\t<div class=\"elementor-widget-wrap elementor-element-populated\">\n\t\t\t\t\t\t<div class=\"elementor-element elementor-element-2c9b9fa4 elementor-widget elementor-widget-image\" data-id=\"2c9b9fa4\" data-element_type=\"widget\" data-e-type=\"widget\" data-widget_type=\"image.default\">\n\t\t\t\t<div class=\"elementor-widget-container\">\n\t\t\t\t\t\t\t\t\t\t\t\t\t\t\t\t<a href=\"https:\/\/midiasinovadoras.com.br\/ia\/tecnologias-em-projecoes-para-eventos\/\">\n\t\t\t\t\t\t\t<img loading=\"lazy\" decoding=\"async\" width=\"800\" height=\"419\" src=\"https:\/\/midiasinovadoras.com.br\/wp-content\/uploads\/2023\/01\/Copia-de-Copia-de-Copia-de-Copia-de-Copia-de-Ecologicas.png\" class=\"attachment-large size-large wp-image-28747\" alt=\"\" srcset=\"https:\/\/midiasinovadoras.com.br\/wp-content\/uploads\/2023\/01\/Copia-de-Copia-de-Copia-de-Copia-de-Copia-de-Ecologicas.png 1200w, https:\/\/midiasinovadoras.com.br\/wp-content\/uploads\/2023\/01\/Copia-de-Copia-de-Copia-de-Copia-de-Copia-de-Ecologicas-500x262.png 500w, https:\/\/midiasinovadoras.com.br\/wp-content\/uploads\/2023\/01\/Copia-de-Copia-de-Copia-de-Copia-de-Copia-de-Ecologicas-300x157.png 300w, https:\/\/midiasinovadoras.com.br\/wp-content\/uploads\/2023\/01\/Copia-de-Copia-de-Copia-de-Copia-de-Copia-de-Ecologicas-768x402.png 768w\" sizes=\"(max-width: 800px) 100vw, 800px\" \/>\t\t\t\t\t\t\t\t<\/a>\n\t\t\t\t\t\t\t\t\t\t\t\t\t\t\t<\/div>\n\t\t\t\t<\/div>\n\t\t\t\t\t<\/div>\n\t\t<\/div>\n\t\t\t\t\t<\/div>\n\t\t<\/section>\n\t\t\t\t\t<\/div>\n\t\t<\/div>\n\t\t\t\t\t<\/div>\n\t\t<\/section>\n\t\t\t\t<\/div>\n\t\t","protected":false},"excerpt":{"rendered":"","protected":false},"author":3,"featured_media":0,"parent":0,"menu_order":0,"comment_status":"closed","ping_status":"closed","template":"","meta":{"_acf_changed":false,"footnotes":""},"class_list":["post-187","page","type-page","status-publish","hentry"],"acf":[],"yoast_head":"<!-- This site is optimized with the Yoast SEO Premium plugin v27.3 (Yoast SEO v27.4) - https:\/\/yoast.com\/product\/yoast-seo-premium-wordpress\/ -->\n<title>Categorias | M\u00eddias Inovadoras<\/title>\n<meta name=\"robots\" content=\"index, follow, max-snippet:-1, max-image-preview:large, max-video-preview:-1\" \/>\n<link rel=\"canonical\" href=\"https:\/\/midiasinovadoras.com.br\/ia\/categorias\/\" \/>\n<meta property=\"og:locale\" content=\"pt_BR\" \/>\n<meta property=\"og:type\" content=\"article\" \/>\n<meta property=\"og:title\" content=\"Categorias - M\u00eddias Inovadoras\" \/>\n<meta property=\"og:description\" content=\"Na M\u00eddias Inovadoras voc\u00ea encontra experi\u00eancias, inova\u00e7\u00f5es, tecnologias e interatividades em m\u00eddias para eventos que geram alto impacto.\" \/>\n<meta property=\"og:url\" content=\"https:\/\/midiasinovadoras.com.br\/ia\/categorias\/\" \/>\n<meta property=\"og:site_name\" content=\"M\u00eddias Inovadoras\" \/>\n<meta property=\"article:publisher\" content=\"https:\/\/www.facebook.com\/agenciaflyvision\/\" \/>\n<meta property=\"article:modified_time\" content=\"2024-05-03T20:45:30+00:00\" \/>\n<meta property=\"og:image\" content=\"http:\/\/midiasinovadoras.com.br\/ia\/wp-content\/uploads\/2023\/01\/aereas.png\" \/>\n<meta name=\"twitter:card\" content=\"summary_large_image\" \/>\n<meta name=\"twitter:label1\" content=\"Est. tempo de leitura\" \/>\n\t<meta name=\"twitter:data1\" content=\"2 minutos\" \/>\n<script type=\"application\/ld+json\" class=\"yoast-schema-graph\">{\"@context\":\"https:\\\/\\\/schema.org\",\"@graph\":[{\"@type\":\"WebPage\",\"@id\":\"https:\\\/\\\/midiasinovadoras.com.br\\\/ia\\\/categorias\\\/\",\"url\":\"https:\\\/\\\/midiasinovadoras.com.br\\\/ia\\\/categorias\\\/\",\"name\":\"Categorias | M\u00eddias Inovadoras\",\"isPartOf\":{\"@id\":\"https:\\\/\\\/midiasinovadoras.com.br\\\/ia\\\/#website\"},\"primaryImageOfPage\":{\"@id\":\"https:\\\/\\\/midiasinovadoras.com.br\\\/ia\\\/categorias\\\/#primaryimage\"},\"image\":{\"@id\":\"https:\\\/\\\/midiasinovadoras.com.br\\\/ia\\\/categorias\\\/#primaryimage\"},\"thumbnailUrl\":\"http:\\\/\\\/midiasinovadoras.com.br\\\/ia\\\/wp-content\\\/uploads\\\/2023\\\/01\\\/aereas.png\",\"datePublished\":\"2022-03-13T20:23:42+00:00\",\"dateModified\":\"2024-05-03T20:45:30+00:00\",\"breadcrumb\":{\"@id\":\"https:\\\/\\\/midiasinovadoras.com.br\\\/ia\\\/categorias\\\/#breadcrumb\"},\"inLanguage\":\"pt-BR\",\"potentialAction\":[{\"@type\":\"ReadAction\",\"target\":[\"https:\\\/\\\/midiasinovadoras.com.br\\\/ia\\\/categorias\\\/\"]}]},{\"@type\":\"ImageObject\",\"inLanguage\":\"pt-BR\",\"@id\":\"https:\\\/\\\/midiasinovadoras.com.br\\\/ia\\\/categorias\\\/#primaryimage\",\"url\":\"https:\\\/\\\/midiasinovadoras.com.br\\\/wp-content\\\/uploads\\\/2023\\\/01\\\/aereas.png\",\"contentUrl\":\"https:\\\/\\\/midiasinovadoras.com.br\\\/wp-content\\\/uploads\\\/2023\\\/01\\\/aereas.png\",\"width\":1200,\"height\":628},{\"@type\":\"BreadcrumbList\",\"@id\":\"https:\\\/\\\/midiasinovadoras.com.br\\\/ia\\\/categorias\\\/#breadcrumb\",\"itemListElement\":[{\"@type\":\"ListItem\",\"position\":1,\"name\":\"Home\",\"item\":\"https:\\\/\\\/midiasinovadoras.com.br\\\/ia\\\/\"},{\"@type\":\"ListItem\",\"position\":2,\"name\":\"Categorias\"}]},{\"@type\":\"WebSite\",\"@id\":\"https:\\\/\\\/midiasinovadoras.com.br\\\/ia\\\/#website\",\"url\":\"https:\\\/\\\/midiasinovadoras.com.br\\\/ia\\\/\",\"name\":\"Midias Inovadoras - Tecnologia e Interatividade para Eventos\",\"description\":\"Experi\u00eancias, inova\u00e7\u00f5es, tecnologias e interatividades para eventos e experi\u00eancia de Marca\",\"publisher\":{\"@id\":\"https:\\\/\\\/midiasinovadoras.com.br\\\/ia\\\/#organization\"},\"potentialAction\":[{\"@type\":\"SearchAction\",\"target\":{\"@type\":\"EntryPoint\",\"urlTemplate\":\"https:\\\/\\\/midiasinovadoras.com.br\\\/ia\\\/?s={search_term_string}\"},\"query-input\":{\"@type\":\"PropertyValueSpecification\",\"valueRequired\":true,\"valueName\":\"search_term_string\"}}],\"inLanguage\":\"pt-BR\"},{\"@type\":\"Organization\",\"@id\":\"https:\\\/\\\/midiasinovadoras.com.br\\\/ia\\\/#organization\",\"name\":\"M\u00eddias inovadoras\",\"url\":\"https:\\\/\\\/midiasinovadoras.com.br\\\/ia\\\/\",\"logo\":{\"@type\":\"ImageObject\",\"inLanguage\":\"pt-BR\",\"@id\":\"https:\\\/\\\/midiasinovadoras.com.br\\\/ia\\\/#\\\/schema\\\/logo\\\/image\\\/\",\"url\":\"https:\\\/\\\/midiasinovadoras.com.br\\\/wp-content\\\/uploads\\\/2023\\\/01\\\/logo-com-fumaca1-1.jpg\",\"contentUrl\":\"https:\\\/\\\/midiasinovadoras.com.br\\\/wp-content\\\/uploads\\\/2023\\\/01\\\/logo-com-fumaca1-1.jpg\",\"width\":1,\"height\":1,\"caption\":\"M\u00eddias inovadoras\"},\"image\":{\"@id\":\"https:\\\/\\\/midiasinovadoras.com.br\\\/ia\\\/#\\\/schema\\\/logo\\\/image\\\/\"},\"sameAs\":[\"https:\\\/\\\/www.facebook.com\\\/agenciaflyvision\\\/\",\"https:\\\/\\\/www.instagram.com\\\/midias_inovadoras\\\/\",\"https:\\\/\\\/www.youtube.com\\\/channel\\\/UC_IGJEsxkzaLZ72mRNxc3cA\"]}]}<\/script>\n<!-- \/ Yoast SEO Premium plugin. -->","yoast_head_json":{"title":"Categorias | M\u00eddias Inovadoras","robots":{"index":"index","follow":"follow","max-snippet":"max-snippet:-1","max-image-preview":"max-image-preview:large","max-video-preview":"max-video-preview:-1"},"canonical":"https:\/\/midiasinovadoras.com.br\/ia\/categorias\/","og_locale":"pt_BR","og_type":"article","og_title":"Categorias - M\u00eddias Inovadoras","og_description":"Na M\u00eddias Inovadoras voc\u00ea encontra experi\u00eancias, inova\u00e7\u00f5es, tecnologias e interatividades em m\u00eddias para eventos que geram alto impacto.","og_url":"https:\/\/midiasinovadoras.com.br\/ia\/categorias\/","og_site_name":"M\u00eddias Inovadoras","article_publisher":"https:\/\/www.facebook.com\/agenciaflyvision\/","article_modified_time":"2024-05-03T20:45:30+00:00","og_image":[{"url":"http:\/\/midiasinovadoras.com.br\/ia\/wp-content\/uploads\/2023\/01\/aereas.png","type":"","width":"","height":""}],"twitter_card":"summary_large_image","twitter_misc":{"Est. tempo de leitura":"2 minutos"},"schema":{"@context":"https:\/\/schema.org","@graph":[{"@type":"WebPage","@id":"https:\/\/midiasinovadoras.com.br\/ia\/categorias\/","url":"https:\/\/midiasinovadoras.com.br\/ia\/categorias\/","name":"Categorias | M\u00eddias Inovadoras","isPartOf":{"@id":"https:\/\/midiasinovadoras.com.br\/ia\/#website"},"primaryImageOfPage":{"@id":"https:\/\/midiasinovadoras.com.br\/ia\/categorias\/#primaryimage"},"image":{"@id":"https:\/\/midiasinovadoras.com.br\/ia\/categorias\/#primaryimage"},"thumbnailUrl":"http:\/\/midiasinovadoras.com.br\/ia\/wp-content\/uploads\/2023\/01\/aereas.png","datePublished":"2022-03-13T20:23:42+00:00","dateModified":"2024-05-03T20:45:30+00:00","breadcrumb":{"@id":"https:\/\/midiasinovadoras.com.br\/ia\/categorias\/#breadcrumb"},"inLanguage":"pt-BR","potentialAction":[{"@type":"ReadAction","target":["https:\/\/midiasinovadoras.com.br\/ia\/categorias\/"]}]},{"@type":"ImageObject","inLanguage":"pt-BR","@id":"https:\/\/midiasinovadoras.com.br\/ia\/categorias\/#primaryimage","url":"https:\/\/midiasinovadoras.com.br\/wp-content\/uploads\/2023\/01\/aereas.png","contentUrl":"https:\/\/midiasinovadoras.com.br\/wp-content\/uploads\/2023\/01\/aereas.png","width":1200,"height":628},{"@type":"BreadcrumbList","@id":"https:\/\/midiasinovadoras.com.br\/ia\/categorias\/#breadcrumb","itemListElement":[{"@type":"ListItem","position":1,"name":"Home","item":"https:\/\/midiasinovadoras.com.br\/ia\/"},{"@type":"ListItem","position":2,"name":"Categorias"}]},{"@type":"WebSite","@id":"https:\/\/midiasinovadoras.com.br\/ia\/#website","url":"https:\/\/midiasinovadoras.com.br\/ia\/","name":"Midias Inovadoras - Tecnologia e Interatividade para Eventos","description":"Experi\u00eancias, inova\u00e7\u00f5es, tecnologias e interatividades para eventos e experi\u00eancia de Marca","publisher":{"@id":"https:\/\/midiasinovadoras.com.br\/ia\/#organization"},"potentialAction":[{"@type":"SearchAction","target":{"@type":"EntryPoint","urlTemplate":"https:\/\/midiasinovadoras.com.br\/ia\/?s={search_term_string}"},"query-input":{"@type":"PropertyValueSpecification","valueRequired":true,"valueName":"search_term_string"}}],"inLanguage":"pt-BR"},{"@type":"Organization","@id":"https:\/\/midiasinovadoras.com.br\/ia\/#organization","name":"M\u00eddias inovadoras","url":"https:\/\/midiasinovadoras.com.br\/ia\/","logo":{"@type":"ImageObject","inLanguage":"pt-BR","@id":"https:\/\/midiasinovadoras.com.br\/ia\/#\/schema\/logo\/image\/","url":"https:\/\/midiasinovadoras.com.br\/wp-content\/uploads\/2023\/01\/logo-com-fumaca1-1.jpg","contentUrl":"https:\/\/midiasinovadoras.com.br\/wp-content\/uploads\/2023\/01\/logo-com-fumaca1-1.jpg","width":1,"height":1,"caption":"M\u00eddias inovadoras"},"image":{"@id":"https:\/\/midiasinovadoras.com.br\/ia\/#\/schema\/logo\/image\/"},"sameAs":["https:\/\/www.facebook.com\/agenciaflyvision\/","https:\/\/www.instagram.com\/midias_inovadoras\/","https:\/\/www.youtube.com\/channel\/UC_IGJEsxkzaLZ72mRNxc3cA"]}]}},"_links":{"self":[{"href":"https:\/\/midiasinovadoras.com.br\/ia\/wp-json\/wp\/v2\/pages\/187","targetHints":{"allow":["GET"]}}],"collection":[{"href":"https:\/\/midiasinovadoras.com.br\/ia\/wp-json\/wp\/v2\/pages"}],"about":[{"href":"https:\/\/midiasinovadoras.com.br\/ia\/wp-json\/wp\/v2\/types\/page"}],"author":[{"embeddable":true,"href":"https:\/\/midiasinovadoras.com.br\/ia\/wp-json\/wp\/v2\/users\/3"}],"replies":[{"embeddable":true,"href":"https:\/\/midiasinovadoras.com.br\/ia\/wp-json\/wp\/v2\/comments?post=187"}],"version-history":[{"count":0,"href":"https:\/\/midiasinovadoras.com.br\/ia\/wp-json\/wp\/v2\/pages\/187\/revisions"}],"wp:attachment":[{"href":"https:\/\/midiasinovadoras.com.br\/ia\/wp-json\/wp\/v2\/media?parent=187"}],"curies":[{"name":"wp","href":"https:\/\/api.w.org\/{rel}","templated":true}]}}